{"id":139,"date":"2025-12-18T13:17:50","date_gmt":"2025-12-18T13:17:50","guid":{"rendered":"https:\/\/valorpositivo.pt\/?page_id=139"},"modified":"2025-12-29T11:16:12","modified_gmt":"2025-12-29T11:16:12","slug":"a-ilha","status":"publish","type":"page","link":"https:\/\/valorpositivo.pt\/en\/a-ilha\/","title":{"rendered":"A Ilha"},"content":{"rendered":"<div data-elementor-type=\"wp-page\" data-elementor-id=\"139\" class=\"elementor elementor-139\" data-elementor-post-type=\"page\">\n\t\t\t\t<div class=\"elementor-element elementor-element-0a14a07 e-flex e-con-boxed e-con e-parent\" data-id=\"0a14a07\" data-element_type=\"container\" data-settings=\"{&quot;background_background&quot;:&quot;classic&quot;}\">\n\t\t\t\t\t<div class=\"e-con-inner\">\n\t\t\t\t<div class=\"elementor-element elementor-element-0722935 elementor-widget elementor-widget-heading\" data-id=\"0722935\" data-element_type=\"widget\" data-widget_type=\"heading.default\">\n\t\t\t\t\t<h1 class=\"elementor-heading-title elementor-size-default\">Ilha<\/h1>\t\t\t\t<\/div>\n\t\t\t\t<div class=\"elementor-element elementor-element-bd5782d elementor-widget-divider--view-line elementor-widget elementor-widget-divider\" data-id=\"bd5782d\" data-element_type=\"widget\" data-widget_type=\"divider.default\">\n\t\t\t\t\t\t\t<div class=\"elementor-divider\">\n\t\t\t<span class=\"elementor-divider-separator\">\n\t\t\t\t\t\t<\/span>\n\t\t<\/div>\n\t\t\t\t\t\t<\/div>\n\t\t\t\t\t<\/div>\n\t\t\t\t<\/div>\n\t\t<div class=\"elementor-element elementor-element-3524d7a e-flex e-con-boxed e-con e-parent\" data-id=\"3524d7a\" data-element_type=\"container\">\n\t\t\t\t\t<div class=\"e-con-inner\">\n\t\t<div class=\"elementor-element elementor-element-cffcb78 e-con-full e-flex e-con e-child\" data-id=\"cffcb78\" data-element_type=\"container\">\n\t\t\t\t<div class=\"elementor-element elementor-element-49baf77 elementor-widget-divider--view-line elementor-widget elementor-widget-divider\" data-id=\"49baf77\" data-element_type=\"widget\" data-widget_type=\"divider.default\">\n\t\t\t\t\t\t\t<div class=\"elementor-divider\">\n\t\t\t<span class=\"elementor-divider-separator\">\n\t\t\t\t\t\t<\/span>\n\t\t<\/div>\n\t\t\t\t\t\t<\/div>\n\t\t\t\t<div class=\"elementor-element elementor-element-de6872b elementor-widget elementor-widget-heading\" data-id=\"de6872b\" data-element_type=\"widget\" data-widget_type=\"heading.default\">\n\t\t\t\t\t<h2 class=\"elementor-heading-title elementor-size-default\">A Ilha Terceira<\/h2>\t\t\t\t<\/div>\n\t\t\t\t<div class=\"elementor-element elementor-element-04e05d2 elementor-widget-divider--view-line elementor-widget elementor-widget-divider\" data-id=\"04e05d2\" data-element_type=\"widget\" data-widget_type=\"divider.default\">\n\t\t\t\t\t\t\t<div class=\"elementor-divider\">\n\t\t\t<span class=\"elementor-divider-separator\">\n\t\t\t\t\t\t<\/span>\n\t\t<\/div>\n\t\t\t\t\t\t<\/div>\n\t\t\t\t<\/div>\n\t\t\t\t<div class=\"elementor-element elementor-element-c0e41f8 elementor-widget elementor-widget-text-editor\" data-id=\"c0e41f8\" data-element_type=\"widget\" data-widget_type=\"text-editor.default\">\n\t\t\t\t\t\t\t\t\t<div class=\"field field-name-field-outline field-type-text-long field-label-hidden view-mode-full\"><div class=\"field-items\"><div class=\"field-item even\"><p>Como indica o seu nome, foi a terceira ilha do Arquip\u00e9lago dos A\u00e7ores a ser descoberta, depois de Santa Maria e de S\u00e3o Miguel.<\/p><p>A\u00a0<strong>ilha Terceira<\/strong>\u00a0tem aproximadamente 29 km de comprimento e 18 km de largura, medindo o seu per\u00edmetro 90 km e tem uma \u00e1rea de 402,2 km2. O ponto mais alto da ilha est\u00e1 a uma altitude de 1022 m e situa-se na Serra de Santa B\u00e1rbara, no lado Oeste.<\/p><p>A geomorfologia da ilha faz com que ela apresente paisagens muito variadas e de grande beleza, que se repartem entre plan\u00edcies como a da Achada, e serras como a de Santa B\u00e1rbara. Destacam-se ainda alguns acidentes naturais como a Caldeira Guilherme Moniz, uma das maiores da ilha, a chamada Lagoa das Patas ou da Falca, que junto com &#8220;Os Viveiros&#8221; formam um conjunto harmonioso, e a Ch\u00e3 das Lagoinhas, na reserva geol\u00f3gica do Algar do Carv\u00e3o. Destaca-se ainda o Complexo desmantelado da Serra do Cume, na zona Este, de cujo topo se descortinam Praia da Vit\u00f3ria e as Lajes. A zona ocidental da ilha est\u00e1 coberta por vegeta\u00e7\u00e3o exuberante onde pontificam as criptom\u00e9rias. Na costa norte, pode-se observar a ponta dos &#8220;mist\u00e9rios&#8221; e a zona balnear dos Biscoitos, com vest\u00edgios de erup\u00e7\u00f5es vulc\u00e2nicas. No interior \u00e9 de assinalar o Algar do Carv\u00e3o e as Furnas do Enxofre.<\/p><p>A sua popula\u00e7\u00e3o \u00e9 de 55833 habitantes. Grande parte da popula\u00e7\u00e3o tem o seu rendimento da pecu\u00e1ria e dos servi\u00e7os.<\/p><p>Existe ainda o Farol da Serreta, e a Serra do Mori\u00e3o ou da Nasce \u00c1gua, com os seus 632 m de altitude m\u00e1xima, se encontra voltada para a cidade de Angra do Hero\u00edsmo, constitui por si pr\u00f3pria uma singularidade. O Pico da Bagacina. Elevando-se do mar, A Mata da Serreta, constitui uma grande reserva florestal que alberga variad\u00edssimas esp\u00e9cies de fauna e flora. A Lagoa do Ginjal, que apesar da sua reduzida dimens\u00f5es tem plantas \u00fanicas e protegidas por lei.<\/p><p>A Lagoa do Negro, que se situa por cima da Gruta do Natal.<\/p><p>O Miradouro do Facho, no concelho da Praia da Vit\u00f3ria oferece uma panor\u00e2mica sobre a cidade da Praia da Vit\u00f3ria.<\/p><p>O Monte Brasil, \u00e0s portas da cidade aloja a Fortaleza de S\u00e3o Jo\u00e3o Baptista. O Jardim Duque da Terceira, quase um jardim bot\u00e2nico, possui muitas plantas ex\u00f3ticas trazidas desde o inicio das aventuras mar\u00edtimas. Os Ilh\u00e9us das Cabras, que oferecem um local de nidifica\u00e7\u00e3o as diversas esp\u00e9cies marinhas que andam na costa.<\/p><p>Pode afirmar-se ainda que a geomorfologia da Terceira apresenta uma forma bastante arredondada com uma \u00fanica pen\u00ednsula bastante prenunciada que \u00e9 o vulc\u00e3o do Monte Brasil.<\/p><p>Tem o seu ponto mais elevado na Serra de Santa B\u00e1rbara, que se eleva a 1021 m, e apresenta uma extensa plan\u00edcie que se estende desde a Serra da Ribeirinha, no concelho de Angra do Hero\u00edsmo, at\u00e9 \u00e0 Serra do Cume no concelho da Praia da Vit\u00f3ria. Segundo a Revista de Estudos A\u00e7oreanos, Vol. X, Fasc. 1, p\u00e1gina. 49, de Dezembro de 2003.<\/p><p>A Geomorfologia da Ilha Terceira \u00e9 dominada por quatro grandes estratovulc\u00f5es e por numerosos cones vulc\u00e2nicos monogen\u00e9ticos implantados em importantes fracturas. De W para E enumeram-se, sucessivamente, os seguintes aparelhos vulc\u00e2nicos poligen\u00e9ticos, truncados por imponentes caldeiras: A Serra de Santa B\u00e1rbara; o Maci\u00e7o da Serra do Mori\u00e3o e maci\u00e7o da Caldeira Guilherme Moniz; o Maci\u00e7o do Pico Alto e o Complexo desmantelado da Serra do Cume, a Serra da Ribeirinha e a Caldeira dos Cinco Picos.<\/p><p><em>Fonte: Wikip\u00e9dia<\/em><\/p><\/div><\/div><\/div>\t\t\t\t\t\t\t\t<\/div>\n\t\t\t\t<div class=\"elementor-element elementor-element-2563d0a elementor-widget elementor-widget-heading\" data-id=\"2563d0a\" data-element_type=\"widget\" data-widget_type=\"heading.default\">\n\t\t\t\t\t<h3 class=\"elementor-heading-title elementor-size-default\">Explore a Terceira<\/h3>\t\t\t\t<\/div>\n\t\t\t\t<div class=\"elementor-element elementor-element-41b0547 elementor-widget elementor-widget-text-editor\" data-id=\"41b0547\" data-element_type=\"widget\" data-widget_type=\"text-editor.default\">\n\t\t\t\t\t\t\t\t\t<div class=\"field field-name-field-outline field-type-text-long field-label-hidden view-mode-full\"><div class=\"field-items\"><div class=\"field-item even\">A Ilha \u00e9 acolhedora, acess\u00edvel, segura, de clima ameno, cheia de lendas, tradi\u00e7\u00f5es e detentora de uma riqueza gastron\u00f3mica invej\u00e1vel.<\/div><\/div><\/div><div class=\"field field-name-field-slideshow-comment field-type-text-long field-label-hidden view-mode-full\"><div class=\"field-items\"><div class=\"field-item even\"><p>A sua biodiversidade \u00e9 grande e h\u00e1 muito para fazer e conhecer. Para al\u00e9m da deslumbrante riqueza e beleza das paisagens naturais, a Ilha \u00e9 conhecida por ser detentora de um patrim\u00f3nio \u00fanico. Pal\u00e1cios, palacetes, conventos e igrejas, fortes, fortalezas, jardins paisag\u00edsticos, ruas e becos repletos de vida e de cores, s\u00e3o a raz\u00e3o\u00a0pela qual a zona central da cidade de Angra do Hero\u00edsmo foi inclu\u00edda na lista do Patrim\u00f3nio Mundial da Humanidade, pela UNESCO em 1983.<\/p><\/div><\/div><\/div>\t\t\t\t\t\t\t\t<\/div>\n\t\t\t\t<div class=\"elementor-element elementor-element-b68b825 elementor-arrows-position-inside elementor-widget elementor-widget-image-carousel\" data-id=\"b68b825\" data-element_type=\"widget\" data-settings=\"{&quot;slides_to_show&quot;:&quot;1&quot;,&quot;navigation&quot;:&quot;arrows&quot;,&quot;autoplay&quot;:&quot;yes&quot;,&quot;pause_on_hover&quot;:&quot;yes&quot;,&quot;pause_on_interaction&quot;:&quot;yes&quot;,&quot;autoplay_speed&quot;:5000,&quot;infinite&quot;:&quot;yes&quot;,&quot;effect&quot;:&quot;slide&quot;,&quot;speed&quot;:500}\" data-widget_type=\"image-carousel.default\">\n\t\t\t\t\t\t\t<div class=\"elementor-image-carousel-wrapper swiper\" role=\"region\" aria-roledescription=\"carousel\" aria-label=\"Image Carousel\" dir=\"ltr\">\n\t\t\t<div class=\"elementor-image-carousel swiper-wrapper swiper-image-stretch\" aria-live=\"off\">\n\t\t\t\t\t\t\t\t<div class=\"swiper-slide\" role=\"group\" aria-roledescription=\"slide\" aria-label=\"1 of 12\"><figure class=\"swiper-slide-inner\"><img decoding=\"async\" class=\"swiper-slide-image\" src=\"https:\/\/valorpositivo.pt\/wp-content\/uploads\/2025\/12\/2x-terceira-azores-bundle-deal2.jpg\" alt=\"2x-terceira-azores-bundle-deal2\" \/><\/figure><\/div><div class=\"swiper-slide\" role=\"group\" aria-roledescription=\"slide\" aria-label=\"2 of 12\"><figure class=\"swiper-slide-inner\"><img decoding=\"async\" class=\"swiper-slide-image\" src=\"https:\/\/valorpositivo.pt\/wp-content\/uploads\/2025\/12\/terceira4.jpg\" alt=\"terceira4\" \/><\/figure><\/div><div class=\"swiper-slide\" role=\"group\" aria-roledescription=\"slide\" aria-label=\"3 of 12\"><figure class=\"swiper-slide-inner\"><img decoding=\"async\" class=\"swiper-slide-image\" src=\"https:\/\/valorpositivo.pt\/wp-content\/uploads\/2025\/12\/ART-5.jpg\" alt=\"ART-5\" \/><\/figure><\/div><div class=\"swiper-slide\" role=\"group\" aria-roledescription=\"slide\" aria-label=\"4 of 12\"><figure class=\"swiper-slide-inner\"><img decoding=\"async\" class=\"swiper-slide-image\" src=\"https:\/\/valorpositivo.pt\/wp-content\/uploads\/2025\/12\/7122013.jpg\" alt=\"7122013\" \/><\/figure><\/div><div class=\"swiper-slide\" role=\"group\" aria-roledescription=\"slide\" aria-label=\"5 of 12\"><figure class=\"swiper-slide-inner\"><img decoding=\"async\" class=\"swiper-slide-image\" src=\"https:\/\/valorpositivo.pt\/wp-content\/uploads\/2025\/12\/20190712221925_IMG_1495.jpg\" alt=\"20190712221925_IMG_1495\" \/><\/figure><\/div><div class=\"swiper-slide\" role=\"group\" aria-roledescription=\"slide\" aria-label=\"6 of 12\"><figure class=\"swiper-slide-inner\"><img decoding=\"async\" class=\"swiper-slide-image\" src=\"https:\/\/valorpositivo.pt\/wp-content\/uploads\/2025\/12\/74b4f2751dd7675b53fa1fbb7e048360.jpg\" alt=\"74b4f2751dd7675b53fa1fbb7e048360\" \/><\/figure><\/div><div class=\"swiper-slide\" role=\"group\" aria-roledescription=\"slide\" aria-label=\"7 of 12\"><figure class=\"swiper-slide-inner\"><img decoding=\"async\" class=\"swiper-slide-image\" src=\"https:\/\/valorpositivo.pt\/wp-content\/uploads\/2025\/12\/1200px-Baia_dos_Salgueiros_Angra_do_Heroismo_ilha_Terceira_Acores.jpg\" alt=\"1200px-Ba\u00eda_dos_Salgueiros,_Angra_do_Hero\u00edsmo,_ilha_Terceira,_A\u00e7ores\" \/><\/figure><\/div><div class=\"swiper-slide\" role=\"group\" aria-roledescription=\"slide\" aria-label=\"8 of 12\"><figure class=\"swiper-slide-inner\"><img decoding=\"async\" class=\"swiper-slide-image\" src=\"https:\/\/valorpositivo.pt\/wp-content\/uploads\/2025\/12\/Ilha-Terceira-Acores-3-3-1024x768-1.jpg\" alt=\"Ilha-Terceira-Acores-3-3-1024x768\" \/><\/figure><\/div><div class=\"swiper-slide\" role=\"group\" aria-roledescription=\"slide\" aria-label=\"9 of 12\"><figure class=\"swiper-slide-inner\"><img decoding=\"async\" class=\"swiper-slide-image\" src=\"https:\/\/valorpositivo.pt\/wp-content\/uploads\/2025\/12\/IMG_20170610_180424_187.jpg\" alt=\"IMG_20170610_180424_187\" \/><\/figure><\/div><div class=\"swiper-slide\" role=\"group\" aria-roledescription=\"slide\" aria-label=\"10 of 12\"><figure class=\"swiper-slide-inner\"><img decoding=\"async\" class=\"swiper-slide-image\" src=\"https:\/\/valorpositivo.pt\/wp-content\/uploads\/2025\/12\/103-algar-do-carvao-4.jpg\" alt=\"103-algar-do-carvao-4\" \/><\/figure><\/div><div class=\"swiper-slide\" role=\"group\" aria-roledescription=\"slide\" aria-label=\"11 of 12\"><figure class=\"swiper-slide-inner\"><img decoding=\"async\" class=\"swiper-slide-image\" src=\"https:\/\/valorpositivo.pt\/wp-content\/uploads\/2025\/12\/NEGRITO-FILIPE-2.jpg\" alt=\"NEGRITO FILIPE 2\" \/><\/figure><\/div><div class=\"swiper-slide\" role=\"group\" aria-roledescription=\"slide\" aria-label=\"12 of 12\"><figure class=\"swiper-slide-inner\"><img decoding=\"async\" class=\"swiper-slide-image\" src=\"https:\/\/valorpositivo.pt\/wp-content\/uploads\/2025\/12\/NEGRITO-FILIPE.jpg\" alt=\"NEGRITO FILIPE\" \/><\/figure><\/div>\t\t\t<\/div>\n\t\t\t\t\t\t\t\t\t\t\t\t<div class=\"elementor-swiper-button elementor-swiper-button-prev\" role=\"button\" tabindex=\"0\">\n\t\t\t\t\t\t<svg aria-hidden=\"true\" class=\"e-font-icon-svg e-eicon-chevron-left\" viewbox=\"0 0 1000 1000\" xmlns=\"http:\/\/www.w3.org\/2000\/svg\"><path d=\"M646 125C629 125 613 133 604 142L308 442C296 454 292 471 292 487 292 504 296 521 308 533L604 854C617 867 629 875 646 875 663 875 679 871 692 858 704 846 713 829 713 812 713 796 708 779 692 767L438 487 692 225C700 217 708 204 708 187 708 171 704 154 692 142 675 129 663 125 646 125Z\"><\/path><\/svg>\t\t\t\t\t<\/div>\n\t\t\t\t\t<div class=\"elementor-swiper-button elementor-swiper-button-next\" role=\"button\" tabindex=\"0\">\n\t\t\t\t\t\t<svg aria-hidden=\"true\" class=\"e-font-icon-svg e-eicon-chevron-right\" viewbox=\"0 0 1000 1000\" xmlns=\"http:\/\/www.w3.org\/2000\/svg\"><path d=\"M696 533C708 521 713 504 713 487 713 471 708 454 696 446L400 146C388 133 375 125 354 125 338 125 325 129 313 142 300 154 292 171 292 187 292 204 296 221 308 233L563 492 304 771C292 783 288 800 288 817 288 833 296 850 308 863 321 871 338 875 354 875 371 875 388 867 400 854L696 533Z\"><\/path><\/svg>\t\t\t\t\t<\/div>\n\t\t\t\t\n\t\t\t\t\t\t\t\t\t<\/div>\n\t\t\t\t\t\t<\/div>\n\t\t\t\t<div class=\"elementor-element elementor-element-d08053c elementor-widget elementor-widget-text-editor\" data-id=\"d08053c\" data-element_type=\"widget\" data-widget_type=\"text-editor.default\">\n\t\t\t\t\t\t\t\t\t<p><strong>Terceira<\/strong>\u00a0&#8211; ilha lil\u00e1s &#8211; pelas latadas de lilases<\/p>\t\t\t\t\t\t\t\t<\/div>\n\t\t\t\t\t<\/div>\n\t\t\t\t<\/div>\n\t\t\t\t<\/div>","protected":false},"excerpt":{"rendered":"<p>Ilha A Ilha Terceira Como indica o seu nome, foi a terceira ilha do Arquip\u00e9lago dos A\u00e7ores a ser descoberta, depois de Santa Maria e de S\u00e3o Miguel. A\u00a0ilha Terceira\u00a0tem aproximadamente 29 km de comprimento e 18 km de largura, medindo o seu per\u00edmetro 90 km e tem uma \u00e1rea de 402,2 km2. O ponto [&hellip;]<\/p>","protected":false},"author":1,"featured_media":0,"parent":0,"menu_order":0,"comment_status":"closed","ping_status":"closed","template":"","meta":{"footnotes":""},"class_list":["post-139","page","type-page","status-publish","hentry"],"_links":{"self":[{"href":"https:\/\/valorpositivo.pt\/en\/wp-json\/wp\/v2\/pages\/139","targetHints":{"allow":["GET"]}}],"collection":[{"href":"https:\/\/valorpositivo.pt\/en\/wp-json\/wp\/v2\/pages"}],"about":[{"href":"https:\/\/valorpositivo.pt\/en\/wp-json\/wp\/v2\/types\/page"}],"author":[{"embeddable":true,"href":"https:\/\/valorpositivo.pt\/en\/wp-json\/wp\/v2\/users\/1"}],"replies":[{"embeddable":true,"href":"https:\/\/valorpositivo.pt\/en\/wp-json\/wp\/v2\/comments?post=139"}],"version-history":[{"count":34,"href":"https:\/\/valorpositivo.pt\/en\/wp-json\/wp\/v2\/pages\/139\/revisions"}],"predecessor-version":[{"id":504,"href":"https:\/\/valorpositivo.pt\/en\/wp-json\/wp\/v2\/pages\/139\/revisions\/504"}],"wp:attachment":[{"href":"https:\/\/valorpositivo.pt\/en\/wp-json\/wp\/v2\/media?parent=139"}],"curies":[{"name":"wp","href":"https:\/\/api.w.org\/{rel}","templated":true}]}}