{"id":142,"date":"2025-12-18T13:20:19","date_gmt":"2025-12-18T13:20:19","guid":{"rendered":"https:\/\/valorpositivo.pt\/?page_id=142"},"modified":"2025-12-29T12:10:26","modified_gmt":"2025-12-29T12:10:26","slug":"o-que-fazer","status":"publish","type":"page","link":"https:\/\/valorpositivo.pt\/en\/o-que-fazer\/","title":{"rendered":"O que fazer"},"content":{"rendered":"<div data-elementor-type=\"wp-page\" data-elementor-id=\"142\" class=\"elementor elementor-142\" data-elementor-post-type=\"page\">\n\t\t\t\t<div class=\"elementor-element elementor-element-a2e9e10 e-flex e-con-boxed e-con e-parent\" data-id=\"a2e9e10\" data-element_type=\"container\" data-settings=\"{&quot;background_background&quot;:&quot;classic&quot;}\">\n\t\t\t\t\t<div class=\"e-con-inner\">\n\t\t\t\t<div class=\"elementor-element elementor-element-d7b0691 elementor-widget elementor-widget-heading\" data-id=\"d7b0691\" data-element_type=\"widget\" data-widget_type=\"heading.default\">\n\t\t\t\t\t<h1 class=\"elementor-heading-title elementor-size-default\">O que fazer<\/h1>\t\t\t\t<\/div>\n\t\t\t\t<div class=\"elementor-element elementor-element-8adc71f elementor-widget-divider--view-line elementor-widget elementor-widget-divider\" data-id=\"8adc71f\" data-element_type=\"widget\" data-widget_type=\"divider.default\">\n\t\t\t\t\t\t\t<div class=\"elementor-divider\">\n\t\t\t<span class=\"elementor-divider-separator\">\n\t\t\t\t\t\t<\/span>\n\t\t<\/div>\n\t\t\t\t\t\t<\/div>\n\t\t\t\t\t<\/div>\n\t\t\t\t<\/div>\n\t\t<div class=\"elementor-element elementor-element-686816b e-flex e-con-boxed e-con e-parent\" data-id=\"686816b\" data-element_type=\"container\">\n\t\t\t\t\t<div class=\"e-con-inner\">\n\t\t<div class=\"elementor-element elementor-element-9d63649 e-con-full e-flex e-con e-child\" data-id=\"9d63649\" data-element_type=\"container\">\n\t\t\t\t<div class=\"elementor-element elementor-element-4f5fa37 elementor-widget-divider--view-line elementor-widget elementor-widget-divider\" data-id=\"4f5fa37\" data-element_type=\"widget\" data-widget_type=\"divider.default\">\n\t\t\t\t\t\t\t<div class=\"elementor-divider\">\n\t\t\t<span class=\"elementor-divider-separator\">\n\t\t\t\t\t\t<\/span>\n\t\t<\/div>\n\t\t\t\t\t\t<\/div>\n\t\t\t\t<div class=\"elementor-element elementor-element-ea524a7 elementor-widget elementor-widget-heading\" data-id=\"ea524a7\" data-element_type=\"widget\" data-widget_type=\"heading.default\">\n\t\t\t\t\t<h2 class=\"elementor-heading-title elementor-size-default\">O que fazer na Quinta<\/h2>\t\t\t\t<\/div>\n\t\t\t\t<div class=\"elementor-element elementor-element-6838539 elementor-widget-divider--view-line elementor-widget elementor-widget-divider\" data-id=\"6838539\" data-element_type=\"widget\" data-widget_type=\"divider.default\">\n\t\t\t\t\t\t\t<div class=\"elementor-divider\">\n\t\t\t<span class=\"elementor-divider-separator\">\n\t\t\t\t\t\t<\/span>\n\t\t<\/div>\n\t\t\t\t\t\t<\/div>\n\t\t\t\t<\/div>\n\t\t\t\t<div class=\"elementor-element elementor-element-323f94f elementor-widget elementor-widget-image\" data-id=\"323f94f\" data-element_type=\"widget\" data-widget_type=\"image.default\">\n\t\t\t\t\t\t\t\t\t\t\t\t\t\t\t<img fetchpriority=\"high\" decoding=\"async\" width=\"800\" height=\"440\" src=\"https:\/\/valorpositivo.pt\/wp-content\/uploads\/2025\/12\/sala-leitura.jpg\" class=\"attachment-full size-full wp-image-383\" alt=\"\" srcset=\"https:\/\/valorpositivo.pt\/wp-content\/uploads\/2025\/12\/sala-leitura.jpg 800w, https:\/\/valorpositivo.pt\/wp-content\/uploads\/2025\/12\/sala-leitura-300x165.jpg 300w, https:\/\/valorpositivo.pt\/wp-content\/uploads\/2025\/12\/sala-leitura-768x422.jpg 768w, https:\/\/valorpositivo.pt\/wp-content\/uploads\/2025\/12\/sala-leitura-18x10.jpg 18w\" sizes=\"(max-width: 800px) 100vw, 800px\" \/>\t\t\t\t\t\t\t\t\t\t\t\t\t\t\t<\/div>\n\t\t\t\t<div class=\"elementor-element elementor-element-37b96f6 elementor-widget elementor-widget-text-editor\" data-id=\"37b96f6\" data-element_type=\"widget\" data-widget_type=\"text-editor.default\">\n\t\t\t\t\t\t\t\t\t<div class=\"field field-name-field-outline field-type-text-long field-label-hidden view-mode-full\"><div class=\"field-items\"><div class=\"field-item even\"><p>A Quinta do Martelo integra o projeto internacional de\u00a0<strong>Pequenas Bibliotecas Livres<\/strong>.<\/p><p>As\u00a0<strong>Pequenas Bibliotecas Livres<\/strong>\u00a0constituem um projeto sem fins lucrativos, composto por milhares de volunt\u00e1rios espalhados por todo o mundo, com o objetivo de estimular o gosto pela leitura e pelo conhecimento, atrav\u00e9s de uma rede mundial de pequenas bibliotecas, em jardins, pra\u00e7as, bairros e aldeias.<\/p><p>Oferecemos aos nossos hospedes uma experi\u00eancia de leitura \u00fanica nos A\u00e7ores.<\/p><\/div><\/div><\/div>\t\t\t\t\t\t\t\t<\/div>\n\t\t\t\t<div class=\"elementor-element elementor-element-e8c743f elementor-widget elementor-widget-video\" data-id=\"e8c743f\" data-element_type=\"widget\" data-settings=\"{&quot;youtube_url&quot;:&quot;https:\\\/\\\/www.youtube.com\\\/watch?v=ZR9U2A0KL2g&quot;,&quot;video_type&quot;:&quot;youtube&quot;,&quot;controls&quot;:&quot;yes&quot;}\" data-widget_type=\"video.default\">\n\t\t\t\t\t\t\t<div class=\"elementor-wrapper elementor-open-inline\">\n\t\t\t<div class=\"elementor-video\"><\/div>\t\t<\/div>\n\t\t\t\t\t\t<\/div>\n\t\t\t\t<div class=\"elementor-element elementor-element-3b281cf elementor-widget elementor-widget-heading\" data-id=\"3b281cf\" data-element_type=\"widget\" data-widget_type=\"heading.default\">\n\t\t\t\t\t<h3 class=\"elementor-heading-title elementor-size-default\">O que fazer na Quinta<\/h3>\t\t\t\t<\/div>\n\t\t\t\t<div class=\"elementor-element elementor-element-5d1d0e8 elementor-widget elementor-widget-text-editor\" data-id=\"5d1d0e8\" data-element_type=\"widget\" data-widget_type=\"text-editor.default\">\n\t\t\t\t\t\t\t\t\t<div class=\"field field-name-field-subtitle field-type-text field-label-hidden view-mode-full\"><div class=\"field-items\"><p>A\u00a0<strong>Quinta do Martelo\u00a0<\/strong>possue um conjunto de atividades e curiosidades que criam experi\u00eancias inesquec\u00edveis a quem nos visita. No nosso espa\u00e7o pode experenciar atividades na quinta biol\u00f3gica, com os animais e desenvolver v\u00e1rias praticas desportivas.<\/p><p><strong>Atividades que pode realizar:<\/strong><\/p><ul><li>Piscina<\/li><li>Campo de t\u00e9nis<\/li><li>Campo de t\u00e9nis de Praia<\/li><li>Gin\u00e1sio<\/li><li>Futebol de mesa<\/li><li>Campo de crocket<\/li><li>Sauna<\/li><li>Jogos tradicionais<\/li><li>Snoocker<\/li><li>Ping-pong<\/li><li>Passeios de transporte tradicional<\/li><li>Passeios em barcos a motor ou \u00e0 vela<\/li><\/ul><p><strong>Sugerimos ainda experi\u00eancias:<\/strong><\/p><ul><li>Golf (18 buracos)<\/li><li>Equita\u00e7\u00e3o<\/li><li>Jet-ski<\/li><li>Ve\u00edculo todo-o-terreno para passeios<\/li><\/ul><\/div><\/div>\t\t\t\t\t\t\t\t<\/div>\n\t\t\t\t<div class=\"elementor-element elementor-element-b809b3d elementor-widget elementor-widget-video\" data-id=\"b809b3d\" data-element_type=\"widget\" data-settings=\"{&quot;youtube_url&quot;:&quot;https:\\\/\\\/www.youtube.com\\\/watch?v=iLn_mSgD-zw&quot;,&quot;video_type&quot;:&quot;youtube&quot;,&quot;controls&quot;:&quot;yes&quot;}\" data-widget_type=\"video.default\">\n\t\t\t\t\t\t\t<div class=\"elementor-wrapper elementor-open-inline\">\n\t\t\t<div class=\"elementor-video\"><\/div>\t\t<\/div>\n\t\t\t\t\t\t<\/div>\n\t\t\t\t<div class=\"elementor-element elementor-element-fb383d3 elementor-arrows-position-inside elementor-widget elementor-widget-image-carousel\" data-id=\"fb383d3\" data-element_type=\"widget\" data-settings=\"{&quot;slides_to_show&quot;:&quot;1&quot;,&quot;navigation&quot;:&quot;arrows&quot;,&quot;autoplay&quot;:&quot;yes&quot;,&quot;pause_on_hover&quot;:&quot;yes&quot;,&quot;pause_on_interaction&quot;:&quot;yes&quot;,&quot;autoplay_speed&quot;:5000,&quot;infinite&quot;:&quot;yes&quot;,&quot;effect&quot;:&quot;slide&quot;,&quot;speed&quot;:500}\" data-widget_type=\"image-carousel.default\">\n\t\t\t\t\t\t\t<div class=\"elementor-image-carousel-wrapper swiper\" role=\"region\" aria-roledescription=\"carousel\" aria-label=\"Image Carousel\" dir=\"ltr\">\n\t\t\t<div class=\"elementor-image-carousel swiper-wrapper swiper-image-stretch\" aria-live=\"off\">\n\t\t\t\t\t\t\t\t<div class=\"swiper-slide\" role=\"group\" aria-roledescription=\"slide\" aria-label=\"1 of 13\"><figure class=\"swiper-slide-inner\"><img decoding=\"async\" class=\"swiper-slide-image\" src=\"https:\/\/valorpositivo.pt\/wp-content\/uploads\/2025\/12\/05JUL2020-62500-Exposure05JUL2020-62500-scaled.jpg\" alt=\"05JUL2020-62500-Exposure05JUL2020-62500\" \/><\/figure><\/div><div class=\"swiper-slide\" role=\"group\" aria-roledescription=\"slide\" aria-label=\"2 of 13\"><figure class=\"swiper-slide-inner\"><img decoding=\"async\" class=\"swiper-slide-image\" src=\"https:\/\/valorpositivo.pt\/wp-content\/uploads\/2025\/12\/05JUL2020-61541-Exposure05JUL2020-61541-scaled.jpg\" alt=\"05JUL2020-61541-Exposure05JUL2020-61541\" \/><\/figure><\/div><div class=\"swiper-slide\" role=\"group\" aria-roledescription=\"slide\" aria-label=\"3 of 13\"><figure class=\"swiper-slide-inner\"><img decoding=\"async\" class=\"swiper-slide-image\" src=\"https:\/\/valorpositivo.pt\/wp-content\/uploads\/2025\/12\/07JUN2020-50576-Exposure07JUN2020-50576-scaled.jpg\" alt=\"07JUN2020-50576-Exposure07JUN2020-50576\" \/><\/figure><\/div><div class=\"swiper-slide\" role=\"group\" aria-roledescription=\"slide\" aria-label=\"4 of 13\"><figure class=\"swiper-slide-inner\"><img decoding=\"async\" class=\"swiper-slide-image\" src=\"https:\/\/valorpositivo.pt\/wp-content\/uploads\/2025\/12\/14AGO2020-74088-Exposure14AGO2020-74088-scaled.jpg\" alt=\"14AGO2020-74088-Exposure14AGO2020-74088\" \/><\/figure><\/div><div class=\"swiper-slide\" role=\"group\" aria-roledescription=\"slide\" aria-label=\"5 of 13\"><figure class=\"swiper-slide-inner\"><img decoding=\"async\" class=\"swiper-slide-image\" src=\"https:\/\/valorpositivo.pt\/wp-content\/uploads\/2025\/12\/07JUN2020-51949.jpg\" alt=\"07JUN2020-51949\" \/><\/figure><\/div><div class=\"swiper-slide\" role=\"group\" aria-roledescription=\"slide\" aria-label=\"6 of 13\"><figure class=\"swiper-slide-inner\"><img decoding=\"async\" class=\"swiper-slide-image\" src=\"https:\/\/valorpositivo.pt\/wp-content\/uploads\/2025\/12\/07JUN2020-51040-min.jpg\" alt=\"07JUN2020-51040-min\" \/><\/figure><\/div><div class=\"swiper-slide\" role=\"group\" aria-roledescription=\"slide\" aria-label=\"7 of 13\"><figure class=\"swiper-slide-inner\"><img decoding=\"async\" class=\"swiper-slide-image\" src=\"https:\/\/valorpositivo.pt\/wp-content\/uploads\/2025\/12\/porcos.png\" alt=\"porcos\" \/><\/figure><\/div><div class=\"swiper-slide\" role=\"group\" aria-roledescription=\"slide\" aria-label=\"8 of 13\"><figure class=\"swiper-slide-inner\"><img decoding=\"async\" class=\"swiper-slide-image\" src=\"https:\/\/valorpositivo.pt\/wp-content\/uploads\/2025\/12\/05JUL2020-63186-min.jpg\" alt=\"05JUL2020-63186-min\" \/><\/figure><\/div><div class=\"swiper-slide\" role=\"group\" aria-roledescription=\"slide\" aria-label=\"9 of 13\"><figure class=\"swiper-slide-inner\"><img decoding=\"async\" class=\"swiper-slide-image\" src=\"https:\/\/valorpositivo.pt\/wp-content\/uploads\/2025\/12\/05JUL2020-63008-min.jpg\" alt=\"05JUL2020-63008-min\" \/><\/figure><\/div><div class=\"swiper-slide\" role=\"group\" aria-roledescription=\"slide\" aria-label=\"10 of 13\"><figure class=\"swiper-slide-inner\"><img decoding=\"async\" class=\"swiper-slide-image\" src=\"https:\/\/valorpositivo.pt\/wp-content\/uploads\/2025\/12\/campo-tenis-quinta-martelo.jpg\" alt=\"campo-tenis-quinta-martelo\" \/><\/figure><\/div><div class=\"swiper-slide\" role=\"group\" aria-roledescription=\"slide\" aria-label=\"11 of 13\"><figure class=\"swiper-slide-inner\"><img decoding=\"async\" class=\"swiper-slide-image\" src=\"https:\/\/valorpositivo.pt\/wp-content\/uploads\/2025\/12\/05JUL2020-61836-min.jpg\" alt=\"05JUL2020-61836-min\" \/><\/figure><\/div><div class=\"swiper-slide\" role=\"group\" aria-roledescription=\"slide\" aria-label=\"12 of 13\"><figure class=\"swiper-slide-inner\"><img decoding=\"async\" class=\"swiper-slide-image\" src=\"https:\/\/valorpositivo.pt\/wp-content\/uploads\/2025\/12\/05JUL2020-61393-min.jpg\" alt=\"05JUL2020-61393-min\" \/><\/figure><\/div><div class=\"swiper-slide\" role=\"group\" aria-roledescription=\"slide\" aria-label=\"13 of 13\"><figure class=\"swiper-slide-inner\"><img decoding=\"async\" class=\"swiper-slide-image\" src=\"https:\/\/valorpositivo.pt\/wp-content\/uploads\/2025\/12\/05JUL2020-61700.jpg\" alt=\"05JUL2020-61700\" \/><\/figure><\/div>\t\t\t<\/div>\n\t\t\t\t\t\t\t\t\t\t\t\t<div class=\"elementor-swiper-button elementor-swiper-button-prev\" role=\"button\" tabindex=\"0\">\n\t\t\t\t\t\t<svg aria-hidden=\"true\" class=\"e-font-icon-svg e-eicon-chevron-left\" viewbox=\"0 0 1000 1000\" xmlns=\"http:\/\/www.w3.org\/2000\/svg\"><path d=\"M646 125C629 125 613 133 604 142L308 442C296 454 292 471 292 487 292 504 296 521 308 533L604 854C617 867 629 875 646 875 663 875 679 871 692 858 704 846 713 829 713 812 713 796 708 779 692 767L438 487 692 225C700 217 708 204 708 187 708 171 704 154 692 142 675 129 663 125 646 125Z\"><\/path><\/svg>\t\t\t\t\t<\/div>\n\t\t\t\t\t<div class=\"elementor-swiper-button elementor-swiper-button-next\" role=\"button\" tabindex=\"0\">\n\t\t\t\t\t\t<svg aria-hidden=\"true\" class=\"e-font-icon-svg e-eicon-chevron-right\" viewbox=\"0 0 1000 1000\" xmlns=\"http:\/\/www.w3.org\/2000\/svg\"><path d=\"M696 533C708 521 713 504 713 487 713 471 708 454 696 446L400 146C388 133 375 125 354 125 338 125 325 129 313 142 300 154 292 171 292 187 292 204 296 221 308 233L563 492 304 771C292 783 288 800 288 817 288 833 296 850 308 863 321 871 338 875 354 875 371 875 388 867 400 854L696 533Z\"><\/path><\/svg>\t\t\t\t\t<\/div>\n\t\t\t\t\n\t\t\t\t\t\t\t\t\t<\/div>\n\t\t\t\t\t\t<\/div>\n\t\t\t\t<div class=\"elementor-element elementor-element-521603e elementor-widget elementor-widget-text-editor\" data-id=\"521603e\" data-element_type=\"widget\" data-widget_type=\"text-editor.default\">\n\t\t\t\t\t\t\t\t\t<p>Descubra a Quinta do Martelo<\/p>\t\t\t\t\t\t\t\t<\/div>\n\t\t\t\t\t<\/div>\n\t\t\t\t<\/div>\n\t\t\t\t<\/div>","protected":false},"excerpt":{"rendered":"<p>O que fazer O que fazer na Quinta A Quinta do Martelo integra o projeto internacional de\u00a0Pequenas Bibliotecas Livres. As\u00a0Pequenas Bibliotecas Livres\u00a0constituem um projeto sem fins lucrativos, composto por milhares de volunt\u00e1rios espalhados por todo o mundo, com o objetivo de estimular o gosto pela leitura e pelo conhecimento, atrav\u00e9s de uma rede mundial de [&hellip;]<\/p>","protected":false},"author":1,"featured_media":0,"parent":0,"menu_order":0,"comment_status":"closed","ping_status":"closed","template":"","meta":{"footnotes":""},"class_list":["post-142","page","type-page","status-publish","hentry"],"_links":{"self":[{"href":"https:\/\/valorpositivo.pt\/en\/wp-json\/wp\/v2\/pages\/142","targetHints":{"allow":["GET"]}}],"collection":[{"href":"https:\/\/valorpositivo.pt\/en\/wp-json\/wp\/v2\/pages"}],"about":[{"href":"https:\/\/valorpositivo.pt\/en\/wp-json\/wp\/v2\/types\/page"}],"author":[{"embeddable":true,"href":"https:\/\/valorpositivo.pt\/en\/wp-json\/wp\/v2\/users\/1"}],"replies":[{"embeddable":true,"href":"https:\/\/valorpositivo.pt\/en\/wp-json\/wp\/v2\/comments?post=142"}],"version-history":[{"count":19,"href":"https:\/\/valorpositivo.pt\/en\/wp-json\/wp\/v2\/pages\/142\/revisions"}],"predecessor-version":[{"id":520,"href":"https:\/\/valorpositivo.pt\/en\/wp-json\/wp\/v2\/pages\/142\/revisions\/520"}],"wp:attachment":[{"href":"https:\/\/valorpositivo.pt\/en\/wp-json\/wp\/v2\/media?parent=142"}],"curies":[{"name":"wp","href":"https:\/\/api.w.org\/{rel}","templated":true}]}}