{"id":146,"date":"2025-12-18T13:21:25","date_gmt":"2025-12-18T13:21:25","guid":{"rendered":"https:\/\/valorpositivo.pt\/?page_id=146"},"modified":"2025-12-29T13:26:23","modified_gmt":"2025-12-29T13:26:23","slug":"contactos","status":"publish","type":"page","link":"https:\/\/valorpositivo.pt\/en\/contactos\/","title":{"rendered":"Contactos"},"content":{"rendered":"<div data-elementor-type=\"wp-page\" data-elementor-id=\"146\" class=\"elementor elementor-146\" data-elementor-post-type=\"page\">\n\t\t\t\t<div class=\"elementor-element elementor-element-9f06d2d e-flex e-con-boxed e-con e-parent\" data-id=\"9f06d2d\" data-element_type=\"container\">\n\t\t\t\t\t<div class=\"e-con-inner\">\n\t\t\t\t<div class=\"elementor-element elementor-element-e651dcb elementor-absolute e-transform elementor-widget elementor-widget-google_maps\" data-id=\"e651dcb\" data-element_type=\"widget\" data-settings=\"{&quot;_position&quot;:&quot;absolute&quot;,&quot;_transform_translateX_effect&quot;:{&quot;unit&quot;:&quot;%&quot;,&quot;size&quot;:-50,&quot;sizes&quot;:[]},&quot;_transform_translateX_effect_tablet&quot;:{&quot;unit&quot;:&quot;%&quot;,&quot;size&quot;:&quot;&quot;,&quot;sizes&quot;:[]},&quot;_transform_translateX_effect_mobile&quot;:{&quot;unit&quot;:&quot;%&quot;,&quot;size&quot;:&quot;&quot;,&quot;sizes&quot;:[]},&quot;_transform_translateY_effect&quot;:{&quot;unit&quot;:&quot;%&quot;,&quot;size&quot;:-50,&quot;sizes&quot;:[]},&quot;_transform_translateY_effect_tablet&quot;:{&quot;unit&quot;:&quot;%&quot;,&quot;size&quot;:&quot;&quot;,&quot;sizes&quot;:[]},&quot;_transform_translateY_effect_mobile&quot;:{&quot;unit&quot;:&quot;%&quot;,&quot;size&quot;:&quot;&quot;,&quot;sizes&quot;:[]}}\" data-widget_type=\"google_maps.default\">\n\t\t\t\t\t\t\t<div class=\"elementor-custom-embed\">\n\t\t\t<iframe loading=\"lazy\"\n\t\t\t\t\tsrc=\"https:\/\/maps.google.com\/maps?q=Canada%20do%20Martelo%2024%2C%20Cantinho%2C%20S%C3%A3o%20Mateus&#038;t=m&#038;z=13&#038;output=embed&#038;iwloc=near\"\n\t\t\t\t\ttitle=\"Canada do Martelo 24, Cantinho, S\u00e3o Mateus\"\n\t\t\t\t\taria-label=\"Canada do Martelo 24, Cantinho, S\u00e3o Mateus\"\n\t\t\t><\/iframe>\n\t\t<\/div>\n\t\t\t\t\t\t<\/div>\n\t\t<div class=\"elementor-element elementor-element-7232fe1 e-con-full e-flex e-con e-child\" data-id=\"7232fe1\" data-element_type=\"container\" data-settings=\"{&quot;background_background&quot;:&quot;classic&quot;}\">\n\t\t\t\t<div class=\"elementor-element elementor-element-5a7ca4a elementor-widget elementor-widget-heading\" data-id=\"5a7ca4a\" data-element_type=\"widget\" data-widget_type=\"heading.default\">\n\t\t\t\t\t<h1 class=\"elementor-heading-title elementor-size-default\">Contactos<\/h1>\t\t\t\t<\/div>\n\t\t\t\t<div class=\"elementor-element elementor-element-7109432 elementor-icon-list--layout-traditional elementor-list-item-link-full_width elementor-widget elementor-widget-icon-list\" data-id=\"7109432\" data-element_type=\"widget\" data-widget_type=\"icon-list.default\">\n\t\t\t\t\t\t\t<ul class=\"elementor-icon-list-items\">\n\t\t\t\t\t\t\t<li class=\"elementor-icon-list-item\">\n\t\t\t\t\t\t\t\t\t\t\t<span class=\"elementor-icon-list-icon\">\n\t\t\t\t\t\t\t<svg aria-hidden=\"true\" class=\"e-font-icon-svg e-fas-map-marker-alt\" viewbox=\"0 0 384 512\" xmlns=\"http:\/\/www.w3.org\/2000\/svg\"><path d=\"M172.268 501.67C26.97 291.031 0 269.413 0 192 0 85.961 85.961 0 192 0s192 85.961 192 192c0 77.413-26.97 99.031-172.268 309.67-9.535 13.774-29.93 13.773-39.464 0zM192 272c44.183 0 80-35.817 80-80s-35.817-80-80-80-80 35.817-80 80 35.817 80 80 80z\"><\/path><\/svg>\t\t\t\t\t\t<\/span>\n\t\t\t\t\t\t\t\t\t\t<span class=\"elementor-icon-list-text\">Canada do Martelo 24, Cantinho, S\u00e3o Mateus 9700-576 Angra do Hero\u00edsmo<\/span>\n\t\t\t\t\t\t\t\t\t<\/li>\n\t\t\t\t\t\t\t\t<li class=\"elementor-icon-list-item\">\n\t\t\t\t\t\t\t\t\t\t\t<a href=\"mailto:quintadomartelo@quintadomartelo.com\">\n\n\t\t\t\t\t\t\t\t\t\t\t\t<span class=\"elementor-icon-list-icon\">\n\t\t\t\t\t\t\t<svg aria-hidden=\"true\" class=\"e-font-icon-svg e-fas-envelope\" viewbox=\"0 0 512 512\" xmlns=\"http:\/\/www.w3.org\/2000\/svg\"><path d=\"M502.3 190.8c3.9-3.1 9.7-.2 9.7 4.7V400c0 26.5-21.5 48-48 48H48c-26.5 0-48-21.5-48-48V195.6c0-5 5.7-7.8 9.7-4.7 22.4 17.4 52.1 39.5 154.1 113.6 21.1 15.4 56.7 47.8 92.2 47.6 35.7.3 72-32.8 92.3-47.6 102-74.1 131.6-96.3 154-113.7zM256 320c23.2.4 56.6-29.2 73.4-41.4 132.7-96.3 142.8-104.7 173.4-128.7 5.8-4.5 9.2-11.5 9.2-18.9v-19c0-26.5-21.5-48-48-48H48C21.5 64 0 85.5 0 112v19c0 7.4 3.4 14.3 9.2 18.9 30.6 23.9 40.7 32.4 173.4 128.7 16.8 12.2 50.2 41.8 73.4 41.4z\"><\/path><\/svg>\t\t\t\t\t\t<\/span>\n\t\t\t\t\t\t\t\t\t\t<span class=\"elementor-icon-list-text\">quintadomartelo@quintadomartelo.com<\/span>\n\t\t\t\t\t\t\t\t\t\t\t<\/a>\n\t\t\t\t\t\t\t\t\t<\/li>\n\t\t\t\t\t\t\t\t<li class=\"elementor-icon-list-item\">\n\t\t\t\t\t\t\t\t\t\t\t<a href=\"tel:+351962812796\">\n\n\t\t\t\t\t\t\t\t\t\t\t\t<span class=\"elementor-icon-list-icon\">\n\t\t\t\t\t\t\t<svg aria-hidden=\"true\" class=\"e-font-icon-svg e-fas-phone-alt\" viewbox=\"0 0 512 512\" xmlns=\"http:\/\/www.w3.org\/2000\/svg\"><path d=\"M497.39 361.8l-112-48a24 24 0 0 0-28 6.9l-49.6 60.6A370.66 370.66 0 0 1 130.6 204.11l60.6-49.6a23.94 23.94 0 0 0 6.9-28l-48-112A24.16 24.16 0 0 0 122.6.61l-104 24A24 24 0 0 0 0 48c0 256.5 207.9 464 464 464a24 24 0 0 0 23.4-18.6l24-104a24.29 24.29 0 0 0-14.01-27.6z\"><\/path><\/svg>\t\t\t\t\t\t<\/span>\n\t\t\t\t\t\t\t\t\t\t<span class=\"elementor-icon-list-text\">+351 962 812 796<\/span>\n\t\t\t\t\t\t\t\t\t\t\t<\/a>\n\t\t\t\t\t\t\t\t\t<\/li>\n\t\t\t\t\t\t<\/ul>\n\t\t\t\t\t\t<\/div>\n\t\t\t\t<\/div>\n\t\t\t\t\t<\/div>\n\t\t\t\t<\/div>\n\t\t<div class=\"elementor-element elementor-element-59e6b4e e-flex e-con-boxed e-con e-parent\" data-id=\"59e6b4e\" data-element_type=\"container\">\n\t\t\t\t\t<div class=\"e-con-inner\">\n\t\t<div class=\"elementor-element elementor-element-4da1537 e-con-full e-flex e-con e-child\" data-id=\"4da1537\" data-element_type=\"container\">\n\t\t\t\t<div class=\"elementor-element elementor-element-d23af46 elementor-widget-divider--view-line elementor-widget elementor-widget-divider\" data-id=\"d23af46\" data-element_type=\"widget\" data-widget_type=\"divider.default\">\n\t\t\t\t\t\t\t<div class=\"elementor-divider\">\n\t\t\t<span class=\"elementor-divider-separator\">\n\t\t\t\t\t\t<\/span>\n\t\t<\/div>\n\t\t\t\t\t\t<\/div>\n\t\t\t\t<div class=\"elementor-element elementor-element-3aa4474 elementor-widget elementor-widget-heading\" data-id=\"3aa4474\" data-element_type=\"widget\" data-widget_type=\"heading.default\">\n\t\t\t\t\t<h2 class=\"elementor-heading-title elementor-size-default\">A Quinta<\/h2>\t\t\t\t<\/div>\n\t\t\t\t<div class=\"elementor-element elementor-element-1f4235e elementor-widget-divider--view-line elementor-widget elementor-widget-divider\" data-id=\"1f4235e\" data-element_type=\"widget\" data-widget_type=\"divider.default\">\n\t\t\t\t\t\t\t<div class=\"elementor-divider\">\n\t\t\t<span class=\"elementor-divider-separator\">\n\t\t\t\t\t\t<\/span>\n\t\t<\/div>\n\t\t\t\t\t\t<\/div>\n\t\t\t\t<\/div>\n\t\t\t\t<div class=\"elementor-element elementor-element-e579af8 elementor-arrows-position-inside elementor-widget elementor-widget-loop-carousel\" data-id=\"e579af8\" data-element_type=\"widget\" data-settings=\"{&quot;template_id&quot;:584,&quot;_skin&quot;:&quot;post&quot;,&quot;slides_to_show&quot;:&quot;3&quot;,&quot;slides_to_show_tablet&quot;:&quot;2&quot;,&quot;slides_to_show_mobile&quot;:&quot;1&quot;,&quot;slides_to_scroll&quot;:&quot;1&quot;,&quot;edit_handle_selector&quot;:&quot;.elementor-loop-container&quot;,&quot;speed&quot;:500,&quot;arrows&quot;:&quot;yes&quot;,&quot;image_spacing_custom&quot;:{&quot;unit&quot;:&quot;px&quot;,&quot;size&quot;:10,&quot;sizes&quot;:[]},&quot;image_spacing_custom_tablet&quot;:{&quot;unit&quot;:&quot;px&quot;,&quot;size&quot;:&quot;&quot;,&quot;sizes&quot;:[]},&quot;image_spacing_custom_mobile&quot;:{&quot;unit&quot;:&quot;px&quot;,&quot;size&quot;:&quot;&quot;,&quot;sizes&quot;:[]}}\" data-widget_type=\"loop-carousel.post\">\n\t\t\t\t\t\t\t<div class=\"swiper elementor-loop-container elementor-grid\" role=\"list\" dir=\"ltr\">\n\t\t\t\t<div class=\"swiper-wrapper\" aria-live=\"polite\">\n\t\t<style id=\"loop-584\">.elementor-584 .elementor-element.elementor-element-bd258fe{--display:flex;--flex-direction:row;--container-widget-width:initial;--container-widget-height:100%;--container-widget-flex-grow:1;--container-widget-align-self:stretch;--flex-wrap-mobile:wrap;}.elementor-584 .elementor-element.elementor-element-72e2098{--display:flex;--min-height:100%;border-style:solid;--border-style:solid;border-width:1px 1px 1px 1px;--border-top-width:1px;--border-right-width:1px;--border-bottom-width:1px;--border-left-width:1px;border-color:var( --e-global-color-text );--border-color:var( --e-global-color-text );--padding-top:10px;--padding-bottom:30px;--padding-left:10px;--padding-right:10px;}.elementor-widget-image .widget-image-caption{color:var( --e-global-color-text );font-family:var( --e-global-typography-text-font-family ), Sans-serif;font-weight:var( --e-global-typography-text-font-weight );}.elementor-584 .elementor-element.elementor-element-57fc8b3 img{width:100%;height:300px;object-fit:cover;object-position:center center;}.elementor-widget-heading .elementor-heading-title{font-family:var( --e-global-typography-primary-font-family ), Sans-serif;font-weight:var( --e-global-typography-primary-font-weight );color:var( --e-global-color-primary );}.elementor-584 .elementor-element.elementor-element-7ebb4a2{text-align:center;}.elementor-584 .elementor-element.elementor-element-7ebb4a2 .elementor-heading-title{color:var( --e-global-color-text );}.elementor-widget-divider{--divider-color:var( --e-global-color-secondary );}.elementor-widget-divider .elementor-divider__text{color:var( --e-global-color-secondary );font-family:var( --e-global-typography-secondary-font-family ), Sans-serif;font-weight:var( --e-global-typography-secondary-font-weight );}.elementor-widget-divider.elementor-view-stacked .elementor-icon{background-color:var( --e-global-color-secondary );}.elementor-widget-divider.elementor-view-framed .elementor-icon, .elementor-widget-divider.elementor-view-default .elementor-icon{color:var( --e-global-color-secondary );border-color:var( --e-global-color-secondary );}.elementor-widget-divider.elementor-view-framed .elementor-icon, .elementor-widget-divider.elementor-view-default .elementor-icon svg{fill:var( --e-global-color-secondary );}.elementor-584 .elementor-element.elementor-element-a413fa1{--divider-border-style:solid;--divider-color:var( --e-global-color-primary );--divider-border-width:2px;}.elementor-584 .elementor-element.elementor-element-a413fa1 .elementor-divider-separator{width:25%;margin:0 auto;margin-center:0;}.elementor-584 .elementor-element.elementor-element-a413fa1 .elementor-divider{text-align:center;padding-block-start:0px;padding-block-end:0px;}.elementor-widget-text-editor{font-family:var( --e-global-typography-text-font-family ), Sans-serif;font-weight:var( --e-global-typography-text-font-weight );color:var( --e-global-color-text );}.elementor-widget-text-editor.elementor-drop-cap-view-stacked .elementor-drop-cap{background-color:var( --e-global-color-primary );}.elementor-widget-text-editor.elementor-drop-cap-view-framed .elementor-drop-cap, .elementor-widget-text-editor.elementor-drop-cap-view-default .elementor-drop-cap{color:var( --e-global-color-primary );border-color:var( --e-global-color-primary );}.elementor-584 .elementor-element.elementor-element-cda87a2{text-align:center;}<\/style>\t\t<div data-elementor-type=\"loop-item\" data-elementor-id=\"584\" class=\"elementor elementor-584 swiper-slide e-loop-item e-loop-item-555 post-555 post type-post status-publish format-standard has-post-thumbnail hentry category-contactos\" data-elementor-post-type=\"elementor_library\" role=\"group\" aria-roledescription=\"slide\" data-custom-edit-handle=\"1\">\n\t\t\t<div class=\"elementor-element elementor-element-bd258fe e-flex e-con-boxed e-con e-parent\" data-id=\"bd258fe\" data-element_type=\"container\">\n\t\t\t\t\t<div class=\"e-con-inner\">\n\t\t<a class=\"elementor-element elementor-element-72e2098 e-con-full e-flex e-con e-child\" data-id=\"72e2098\" data-element_type=\"container\" href=\"https:\/\/valorpositivo.pt\/en\/sustentabilidade\/\">\n\t\t\t\t<div class=\"elementor-element elementor-element-57fc8b3 elementor-widget elementor-widget-image\" data-id=\"57fc8b3\" data-element_type=\"widget\" data-widget_type=\"image.default\">\n\t\t\t\t\t\t\t\t\t\t\t\t\t\t\t<img fetchpriority=\"high\" decoding=\"async\" width=\"1536\" height=\"1024\" src=\"https:\/\/valorpositivo.pt\/wp-content\/uploads\/2025\/12\/hero1.png\" class=\"attachment-full size-full wp-image-562\" alt=\"\" srcset=\"https:\/\/valorpositivo.pt\/wp-content\/uploads\/2025\/12\/hero1.png 1536w, https:\/\/valorpositivo.pt\/wp-content\/uploads\/2025\/12\/hero1-300x200.png 300w, https:\/\/valorpositivo.pt\/wp-content\/uploads\/2025\/12\/hero1-1024x683.png 1024w, https:\/\/valorpositivo.pt\/wp-content\/uploads\/2025\/12\/hero1-768x512.png 768w, https:\/\/valorpositivo.pt\/wp-content\/uploads\/2025\/12\/hero1-18x12.png 18w\" sizes=\"(max-width: 1536px) 100vw, 1536px\" \/>\t\t\t\t\t\t\t\t\t\t\t\t\t\t\t<\/div>\n\t\t\t\t<div class=\"elementor-element elementor-element-7ebb4a2 elementor-widget elementor-widget-heading\" data-id=\"7ebb4a2\" data-element_type=\"widget\" data-widget_type=\"heading.default\">\n\t\t\t\t\t<h2 class=\"elementor-heading-title elementor-size-default\">Sustentabilidade<\/h2>\t\t\t\t<\/div>\n\t\t\t\t<div class=\"elementor-element elementor-element-a413fa1 elementor-widget-divider--view-line elementor-widget elementor-widget-divider\" data-id=\"a413fa1\" data-element_type=\"widget\" data-widget_type=\"divider.default\">\n\t\t\t\t\t\t\t<div class=\"elementor-divider\">\n\t\t\t<span class=\"elementor-divider-separator\">\n\t\t\t\t\t\t<\/span>\n\t\t<\/div>\n\t\t\t\t\t\t<\/div>\n\t\t\t\t<div class=\"elementor-element elementor-element-cda87a2 elementor-widget elementor-widget-text-editor\" data-id=\"cda87a2\" data-element_type=\"widget\" data-widget_type=\"text-editor.default\">\n\t\t\t\t\t\t\t\t\tA Quinta do Martelo tem o foco de viver em equil\u00edbrio com a natureza e todas as suas actividades s\u00e3o desenvolvidas com base neste princ\u00edpio&#8230;\t\t\t\t\t\t\t\t<\/div>\n\t\t\t\t<\/a>\n\t\t\t\t\t<\/div>\n\t\t\t\t<\/div>\n\t\t\t\t<\/div>\n\t\t\t\t<div data-elementor-type=\"loop-item\" data-elementor-id=\"584\" class=\"elementor elementor-584 swiper-slide e-loop-item e-loop-item-530 post-530 post type-post status-publish format-standard has-post-thumbnail hentry category-contactos\" data-elementor-post-type=\"elementor_library\" role=\"group\" aria-roledescription=\"slide\" data-custom-edit-handle=\"1\">\n\t\t\t<div class=\"elementor-element elementor-element-bd258fe e-flex e-con-boxed e-con e-parent\" data-id=\"bd258fe\" data-element_type=\"container\">\n\t\t\t\t\t<div class=\"e-con-inner\">\n\t\t<a class=\"elementor-element elementor-element-72e2098 e-con-full e-flex e-con e-child\" data-id=\"72e2098\" data-element_type=\"container\" href=\"https:\/\/valorpositivo.pt\/en\/seguros-pela-natureza\/\">\n\t\t\t\t<div class=\"elementor-element elementor-element-57fc8b3 elementor-widget elementor-widget-image\" data-id=\"57fc8b3\" data-element_type=\"widget\" data-widget_type=\"image.default\">\n\t\t\t\t\t\t\t\t\t\t\t\t\t\t\t<img decoding=\"async\" width=\"800\" height=\"450\" src=\"https:\/\/valorpositivo.pt\/wp-content\/uploads\/2025\/12\/seguros-pela-natureza-1.jpg\" class=\"attachment-full size-full wp-image-550\" alt=\"\" srcset=\"https:\/\/valorpositivo.pt\/wp-content\/uploads\/2025\/12\/seguros-pela-natureza-1.jpg 800w, https:\/\/valorpositivo.pt\/wp-content\/uploads\/2025\/12\/seguros-pela-natureza-1-300x169.jpg 300w, https:\/\/valorpositivo.pt\/wp-content\/uploads\/2025\/12\/seguros-pela-natureza-1-768x432.jpg 768w, https:\/\/valorpositivo.pt\/wp-content\/uploads\/2025\/12\/seguros-pela-natureza-1-18x10.jpg 18w\" sizes=\"(max-width: 800px) 100vw, 800px\" \/>\t\t\t\t\t\t\t\t\t\t\t\t\t\t\t<\/div>\n\t\t\t\t<div class=\"elementor-element elementor-element-7ebb4a2 elementor-widget elementor-widget-heading\" data-id=\"7ebb4a2\" data-element_type=\"widget\" data-widget_type=\"heading.default\">\n\t\t\t\t\t<h2 class=\"elementor-heading-title elementor-size-default\">Seguros pela Natureza<\/h2>\t\t\t\t<\/div>\n\t\t\t\t<div class=\"elementor-element elementor-element-a413fa1 elementor-widget-divider--view-line elementor-widget elementor-widget-divider\" data-id=\"a413fa1\" data-element_type=\"widget\" data-widget_type=\"divider.default\">\n\t\t\t\t\t\t\t<div class=\"elementor-divider\">\n\t\t\t<span class=\"elementor-divider-separator\">\n\t\t\t\t\t\t<\/span>\n\t\t<\/div>\n\t\t\t\t\t\t<\/div>\n\t\t\t\t<div class=\"elementor-element elementor-element-cda87a2 elementor-widget elementor-widget-text-editor\" data-id=\"cda87a2\" data-element_type=\"widget\" data-widget_type=\"text-editor.default\">\n\t\t\t\t\t\t\t\t\tA Quinta do Martelo promove o equil\u00edbrio com a natureza, oferecendo aos seus clientes total seguran\u00e7a f\u00edsica e de sa\u00fade e bem-estar&#8230;\t\t\t\t\t\t\t\t<\/div>\n\t\t\t\t<\/a>\n\t\t\t\t\t<\/div>\n\t\t\t\t<\/div>\n\t\t\t\t<\/div>\n\t\t\t\t<div data-elementor-type=\"loop-item\" data-elementor-id=\"584\" class=\"elementor elementor-584 swiper-slide e-loop-item e-loop-item-524 post-524 post type-post status-publish format-standard has-post-thumbnail hentry category-contactos\" data-elementor-post-type=\"elementor_library\" role=\"group\" aria-roledescription=\"slide\" data-custom-edit-handle=\"1\">\n\t\t\t<div class=\"elementor-element elementor-element-bd258fe e-flex e-con-boxed e-con e-parent\" data-id=\"bd258fe\" data-element_type=\"container\">\n\t\t\t\t\t<div class=\"e-con-inner\">\n\t\t<a class=\"elementor-element elementor-element-72e2098 e-con-full e-flex e-con e-child\" data-id=\"72e2098\" data-element_type=\"container\" href=\"https:\/\/valorpositivo.pt\/en\/restaurante-tradicional-e-tipico\/\">\n\t\t\t\t<div class=\"elementor-element elementor-element-57fc8b3 elementor-widget elementor-widget-image\" data-id=\"57fc8b3\" data-element_type=\"widget\" data-widget_type=\"image.default\">\n\t\t\t\t\t\t\t\t\t\t\t\t\t\t\t<img decoding=\"async\" width=\"800\" height=\"533\" src=\"https:\/\/valorpositivo.pt\/wp-content\/uploads\/2025\/12\/05NOV2020-108260-HDR_0.jpg\" class=\"attachment-full size-full wp-image-532\" alt=\"\" srcset=\"https:\/\/valorpositivo.pt\/wp-content\/uploads\/2025\/12\/05NOV2020-108260-HDR_0.jpg 800w, https:\/\/valorpositivo.pt\/wp-content\/uploads\/2025\/12\/05NOV2020-108260-HDR_0-300x200.jpg 300w, https:\/\/valorpositivo.pt\/wp-content\/uploads\/2025\/12\/05NOV2020-108260-HDR_0-768x512.jpg 768w, https:\/\/valorpositivo.pt\/wp-content\/uploads\/2025\/12\/05NOV2020-108260-HDR_0-18x12.jpg 18w\" sizes=\"(max-width: 800px) 100vw, 800px\" \/>\t\t\t\t\t\t\t\t\t\t\t\t\t\t\t<\/div>\n\t\t\t\t<div class=\"elementor-element elementor-element-7ebb4a2 elementor-widget elementor-widget-heading\" data-id=\"7ebb4a2\" data-element_type=\"widget\" data-widget_type=\"heading.default\">\n\t\t\t\t\t<h2 class=\"elementor-heading-title elementor-size-default\">Restaurante Tradicional e T\u00edpico<\/h2>\t\t\t\t<\/div>\n\t\t\t\t<div class=\"elementor-element elementor-element-a413fa1 elementor-widget-divider--view-line elementor-widget elementor-widget-divider\" data-id=\"a413fa1\" data-element_type=\"widget\" data-widget_type=\"divider.default\">\n\t\t\t\t\t\t\t<div class=\"elementor-divider\">\n\t\t\t<span class=\"elementor-divider-separator\">\n\t\t\t\t\t\t<\/span>\n\t\t<\/div>\n\t\t\t\t\t\t<\/div>\n\t\t\t\t<div class=\"elementor-element elementor-element-cda87a2 elementor-widget elementor-widget-text-editor\" data-id=\"cda87a2\" data-element_type=\"widget\" data-widget_type=\"text-editor.default\">\n\t\t\t\t\t\t\t\t\tNa Quinta do Martelo, pode observar e experimentar toda a evolu\u00e7\u00e3o da cultura gastron\u00f3mica, mas tamb\u00e9m etnogr\u00e1fica e civilizacional dos A\u00e7ores&#8230;\t\t\t\t\t\t\t\t<\/div>\n\t\t\t\t<\/a>\n\t\t\t\t\t<\/div>\n\t\t\t\t<\/div>\n\t\t\t\t<\/div>\n\t\t\t\t<div data-elementor-type=\"loop-item\" data-elementor-id=\"584\" class=\"elementor elementor-584 swiper-slide e-loop-item e-loop-item-511 post-511 post type-post status-publish format-standard has-post-thumbnail hentry category-contactos\" data-elementor-post-type=\"elementor_library\" role=\"group\" aria-roledescription=\"slide\" data-custom-edit-handle=\"1\">\n\t\t\t<div class=\"elementor-element elementor-element-bd258fe e-flex e-con-boxed e-con e-parent\" data-id=\"bd258fe\" data-element_type=\"container\">\n\t\t\t\t\t<div class=\"e-con-inner\">\n\t\t<a class=\"elementor-element elementor-element-72e2098 e-con-full e-flex e-con e-child\" data-id=\"72e2098\" data-element_type=\"container\" href=\"https:\/\/valorpositivo.pt\/en\/mapa-da-quinta\/\">\n\t\t\t\t<div class=\"elementor-element elementor-element-57fc8b3 elementor-widget elementor-widget-image\" data-id=\"57fc8b3\" data-element_type=\"widget\" data-widget_type=\"image.default\">\n\t\t\t\t\t\t\t\t\t\t\t\t\t\t\t<img loading=\"lazy\" decoding=\"async\" width=\"2367\" height=\"1271\" src=\"https:\/\/valorpositivo.pt\/wp-content\/uploads\/2025\/12\/mapa-quinta-martelo_0.png\" class=\"attachment-full size-full wp-image-178\" alt=\"\" srcset=\"https:\/\/valorpositivo.pt\/wp-content\/uploads\/2025\/12\/mapa-quinta-martelo_0.png 2367w, https:\/\/valorpositivo.pt\/wp-content\/uploads\/2025\/12\/mapa-quinta-martelo_0-300x161.png 300w, https:\/\/valorpositivo.pt\/wp-content\/uploads\/2025\/12\/mapa-quinta-martelo_0-1024x550.png 1024w, https:\/\/valorpositivo.pt\/wp-content\/uploads\/2025\/12\/mapa-quinta-martelo_0-768x412.png 768w, https:\/\/valorpositivo.pt\/wp-content\/uploads\/2025\/12\/mapa-quinta-martelo_0-1536x825.png 1536w, https:\/\/valorpositivo.pt\/wp-content\/uploads\/2025\/12\/mapa-quinta-martelo_0-2048x1100.png 2048w, https:\/\/valorpositivo.pt\/wp-content\/uploads\/2025\/12\/mapa-quinta-martelo_0-18x10.png 18w\" sizes=\"(max-width: 2367px) 100vw, 2367px\" \/>\t\t\t\t\t\t\t\t\t\t\t\t\t\t\t<\/div>\n\t\t\t\t<div class=\"elementor-element elementor-element-7ebb4a2 elementor-widget elementor-widget-heading\" data-id=\"7ebb4a2\" data-element_type=\"widget\" data-widget_type=\"heading.default\">\n\t\t\t\t\t<h2 class=\"elementor-heading-title elementor-size-default\">Mapa da Quinta<\/h2>\t\t\t\t<\/div>\n\t\t\t\t<div class=\"elementor-element elementor-element-a413fa1 elementor-widget-divider--view-line elementor-widget elementor-widget-divider\" data-id=\"a413fa1\" data-element_type=\"widget\" data-widget_type=\"divider.default\">\n\t\t\t\t\t\t\t<div class=\"elementor-divider\">\n\t\t\t<span class=\"elementor-divider-separator\">\n\t\t\t\t\t\t<\/span>\n\t\t<\/div>\n\t\t\t\t\t\t<\/div>\n\t\t\t\t<div class=\"elementor-element elementor-element-cda87a2 elementor-widget elementor-widget-text-editor\" data-id=\"cda87a2\" data-element_type=\"widget\" data-widget_type=\"text-editor.default\">\n\t\t\t\t\t\t\t\t\tA Quinta do Martelo est\u00e1 localizada na Ilha Terceira, a 7 km de Angra do Hero\u00edsmo&#8230;\t\t\t\t\t\t\t\t<\/div>\n\t\t\t\t<\/a>\n\t\t\t\t\t<\/div>\n\t\t\t\t<\/div>\n\t\t\t\t<\/div>\n\t\t\t\t<\/div>\n\t\t<\/div>\n\t\t\t\t\t<div class=\"elementor-swiper-button elementor-swiper-button-prev\" role=\"button\" tabindex=\"0\" aria-label=\"Previous\">\n\t\t\t\t<svg aria-hidden=\"true\" class=\"e-font-icon-svg e-eicon-chevron-left\" viewbox=\"0 0 1000 1000\" xmlns=\"http:\/\/www.w3.org\/2000\/svg\"><path d=\"M646 125C629 125 613 133 604 142L308 442C296 454 292 471 292 487 292 504 296 521 308 533L604 854C617 867 629 875 646 875 663 875 679 871 692 858 704 846 713 829 713 812 713 796 708 779 692 767L438 487 692 225C700 217 708 204 708 187 708 171 704 154 692 142 675 129 663 125 646 125Z\"><\/path><\/svg>\t\t\t<\/div>\n\t\t\t<div class=\"elementor-swiper-button elementor-swiper-button-next\" role=\"button\" tabindex=\"0\" aria-label=\"Next\">\n\t\t\t\t<svg aria-hidden=\"true\" class=\"e-font-icon-svg e-eicon-chevron-right\" viewbox=\"0 0 1000 1000\" xmlns=\"http:\/\/www.w3.org\/2000\/svg\"><path d=\"M696 533C708 521 713 504 713 487 713 471 708 454 696 446L400 146C388 133 375 125 354 125 338 125 325 129 313 142 300 154 292 171 292 187 292 204 296 221 308 233L563 492 304 771C292 783 288 800 288 817 288 833 296 850 308 863 321 871 338 875 354 875 371 875 388 867 400 854L696 533Z\"><\/path><\/svg>\t\t\t<\/div>\n\t\t\t\t\t\t<\/div>\n\t\t\t\t\t<\/div>\n\t\t\t\t<\/div>\n\t\t\t\t<\/div>","protected":false},"excerpt":{"rendered":"<p>Contactos Canada do Martelo 24, Cantinho, S\u00e3o Mateus 9700-576 Angra do Hero\u00edsmo quintadomartelo@quintadomartelo.com +351 962 812 796 A Quinta<\/p>","protected":false},"author":1,"featured_media":0,"parent":0,"menu_order":0,"comment_status":"closed","ping_status":"closed","template":"","meta":{"footnotes":""},"class_list":["post-146","page","type-page","status-publish","hentry"],"_links":{"self":[{"href":"https:\/\/valorpositivo.pt\/en\/wp-json\/wp\/v2\/pages\/146","targetHints":{"allow":["GET"]}}],"collection":[{"href":"https:\/\/valorpositivo.pt\/en\/wp-json\/wp\/v2\/pages"}],"about":[{"href":"https:\/\/valorpositivo.pt\/en\/wp-json\/wp\/v2\/types\/page"}],"author":[{"embeddable":true,"href":"https:\/\/valorpositivo.pt\/en\/wp-json\/wp\/v2\/users\/1"}],"replies":[{"embeddable":true,"href":"https:\/\/valorpositivo.pt\/en\/wp-json\/wp\/v2\/comments?post=146"}],"version-history":[{"count":25,"href":"https:\/\/valorpositivo.pt\/en\/wp-json\/wp\/v2\/pages\/146\/revisions"}],"predecessor-version":[{"id":614,"href":"https:\/\/valorpositivo.pt\/en\/wp-json\/wp\/v2\/pages\/146\/revisions\/614"}],"wp:attachment":[{"href":"https:\/\/valorpositivo.pt\/en\/wp-json\/wp\/v2\/media?parent=146"}],"curies":[{"name":"wp","href":"https:\/\/api.w.org\/{rel}","templated":true}]}}